{"id":13,"date":"2015-11-07T18:50:21","date_gmt":"2015-11-07T17:50:21","guid":{"rendered":"http:\/\/leblogdeconscience.com\/?page_id=13"},"modified":"2018-10-28T09:37:59","modified_gmt":"2018-10-28T08:37:59","slug":"presentation","status":"publish","type":"page","link":"https:\/\/leblogdeconscience.com\/index.php\/presentation\/","title":{"rendered":"Pr\u00e9sentation"},"content":{"rendered":"<p><strong>Bienvenue<\/strong> sur le blog de Conscience,<\/p>\n<p>De nature curieux et \u00e0 l&rsquo;esprit anti-conformiste, je me suis int\u00e9ress\u00e9 ces derni\u00e8res ann\u00e9es \u00e0 explorer divers sujets allant de l&rsquo;<strong>\u00e9conomie<\/strong> \u00e0 la<strong> spiritualit\u00e9<\/strong>, en passant par l&rsquo;<strong>alimentation<\/strong> et la <strong>sant\u00e9<\/strong>, en recherchant toujours le <strong>point de vue alternatif<\/strong> et la <strong>controverse<\/strong>, le tout dans une d\u00e9marche de <strong>recherche de la v\u00e9rit\u00e9.<\/strong><\/p>\n<p>Tout cela m&rsquo;a men\u00e9 \u00e0 changer de point de vue et \u00e0 construire une compr\u00e9hension globale, que je continue d&rsquo;affuter de jour en jour, avec un regard critique sur notre \u00e9poque et notre mode de vie.<\/p>\n<p>C&rsquo;est ce dont je vais aborder tout cela dans ce blog, dans un but de partage et d&rsquo;\u00e9change.<\/p>\n<p>Ainsi je ne parlerai pas de ma personne dans ce blog, mais plut\u00f4t des sujets qui me tiennent \u00e0 c\u0153ur, et qui sont susceptibles de vous passionner \u00e9galement.<\/p>\n<p>Bien que les scandales et les mensonges en tout genre, poussent beaucoup de monde \u00e0 se questionner, je constate que trop de personnes remettent en cause leur cadre de pens\u00e9e, sans doute par manque d&rsquo;informations ayant pu engendrer un d\u00e9clic.<\/p>\n<p>En abordant diff\u00e9rents <strong>th\u00e8mes connexes<\/strong> et en compilant <strong>diff\u00e9rentes source d&rsquo;informations<\/strong> que je juge pertinentes, j&rsquo;esp\u00e8re fournir au pire de la <strong>mati\u00e8re \u00e0 r\u00e9flexion<\/strong> et au mieux des <strong>cl\u00e9s de compr\u00e9hensions<\/strong> apportant un \u00e9clairage, voir une nouvelle perception sur le monde, plus en phase avec la r\u00e9alit\u00e9 et plus b\u00e9n\u00e9fiques pour tous.<\/p>\n<p>Vous observerez que le contenu de ce blog s&rsquo;articulera autour des <strong>th\u00e9matiques<\/strong> suivantes :<\/p>\n<ul>\n<li>V\u00e9rit\u00e9 \/ Mensonge.<\/li>\n<li>Absolu \/ Relatif.<\/li>\n<li>R\u00e9alit\u00e9 \/ Illusions.<\/li>\n<li>Naturel \/ Artificiel.<\/li>\n<li>Point de vue profane \/ Point de vue sacr\u00e9.<\/li>\n<li>Int\u00e9r\u00eat pour la cause, plut\u00f4t que la cons\u00e9quence.<\/li>\n<li>\u00c9volution et progr\u00e8s ou chute cyclique et r\u00e9gression ?<\/li>\n<\/ul>\n<p>Outre l&rsquo;aspect <strong>r\u00e9flexion<\/strong>, beaucoup d&rsquo;\u00e9missions et de reportages vous inviterons \u00e9galement au <strong>voyage<\/strong> et \u00e0 la <strong>d\u00e9tente<\/strong>.<\/p>\n<p>Par ailleurs, je vais m&rsquo;attacher \u00e0 apporter autant que possible, de l&rsquo;attention sur la <strong>qualit\u00e9 de la r\u00e9daction<\/strong>.<\/p>\n<p>En vous souhaitant <strong>une bonne visite<\/strong> sur ce blog.<\/p>\n<p>Et si le c\u0153ur vous en dit, n&rsquo;h\u00e9sitez pas \u00e0 apporter des commentaires concernant vos <strong>r\u00e9actions<\/strong> et vos <b>interrogations<\/b>.<\/p>\n<p>Vous pouvez \u00e9galement m&rsquo;\u00e9crire \u00e0\u00a0<a href=\"mailto:courrier@leblogdeconscience.com\">courrier@leblogdeconscience.com<\/a><\/p>\n","protected":false},"excerpt":{"rendered":"<p>Bienvenue sur le blog de Conscience, De nature curieux et \u00e0 l&rsquo;esprit anti-conformiste, je me suis int\u00e9ress\u00e9 ces derni\u00e8res ann\u00e9es \u00e0 explorer divers sujets allant de l&rsquo;\u00e9conomie \u00e0 la spiritualit\u00e9, en passant par l&rsquo;alimentation et la sant\u00e9, en recherchant toujours le point de vue alternatif et la controverse, le tout dans une d\u00e9marche de recherche &#8230; <a title=\"Pr\u00e9sentation\" class=\"read-more\" href=\"https:\/\/leblogdeconscience.com\/index.php\/presentation\/\" aria-label=\"En savoir plus sur Pr\u00e9sentation\">Lire la suite<\/a><\/p>\n","protected":false},"author":1,"featured_media":0,"parent":0,"menu_order":0,"comment_status":"closed","ping_status":"closed","template":"","meta":{"footnotes":""},"class_list":["post-13","page","type-page","status-publish"],"yoast_head":"<!-- This site is optimized with the Yoast SEO plugin v23.8 - https:\/\/yoast.com\/wordpress\/plugins\/seo\/ -->\n<title>Pr\u00e9sentation - Le blog de Conscience<\/title>\n<meta name=\"robots\" content=\"index, follow, max-snippet:-1, max-image-preview:large, max-video-preview:-1\" \/>\n<link rel=\"canonical\" href=\"https:\/\/leblogdeconscience.com\/index.php\/presentation\/\" \/>\n<meta property=\"og:locale\" content=\"fr_FR\" \/>\n<meta property=\"og:type\" content=\"article\" \/>\n<meta property=\"og:title\" content=\"Pr\u00e9sentation - Le blog de Conscience\" \/>\n<meta property=\"og:description\" content=\"Bienvenue sur le blog de Conscience, De nature curieux et \u00e0 l&rsquo;esprit anti-conformiste, je me suis int\u00e9ress\u00e9 ces derni\u00e8res ann\u00e9es \u00e0 explorer divers sujets allant de l&rsquo;\u00e9conomie \u00e0 la spiritualit\u00e9, en passant par l&rsquo;alimentation et la sant\u00e9, en recherchant toujours le point de vue alternatif et la controverse, le tout dans une d\u00e9marche de recherche ... Lire la suite\" \/>\n<meta property=\"og:url\" content=\"https:\/\/leblogdeconscience.com\/index.php\/presentation\/\" \/>\n<meta property=\"og:site_name\" content=\"Le blog de Conscience\" \/>\n<meta property=\"article:modified_time\" content=\"2018-10-28T08:37:59+00:00\" \/>\n<meta name=\"twitter:card\" content=\"summary_large_image\" \/>\n<meta name=\"twitter:label1\" content=\"Dur\u00e9e de lecture estim\u00e9e\" \/>\n\t<meta name=\"twitter:data1\" content=\"2 minutes\" \/>\n<script type=\"application\/ld+json\" class=\"yoast-schema-graph\">{\"@context\":\"https:\/\/schema.org\",\"@graph\":[{\"@type\":\"WebPage\",\"@id\":\"https:\/\/leblogdeconscience.com\/index.php\/presentation\/\",\"url\":\"https:\/\/leblogdeconscience.com\/index.php\/presentation\/\",\"name\":\"Pr\u00e9sentation - Le blog de Conscience\",\"isPartOf\":{\"@id\":\"https:\/\/leblogdeconscience.com\/#website\"},\"datePublished\":\"2015-11-07T17:50:21+00:00\",\"dateModified\":\"2018-10-28T08:37:59+00:00\",\"breadcrumb\":{\"@id\":\"https:\/\/leblogdeconscience.com\/index.php\/presentation\/#breadcrumb\"},\"inLanguage\":\"fr-FR\",\"potentialAction\":[{\"@type\":\"ReadAction\",\"target\":[\"https:\/\/leblogdeconscience.com\/index.php\/presentation\/\"]}]},{\"@type\":\"BreadcrumbList\",\"@id\":\"https:\/\/leblogdeconscience.com\/index.php\/presentation\/#breadcrumb\",\"itemListElement\":[{\"@type\":\"ListItem\",\"position\":1,\"name\":\"Accueil\",\"item\":\"https:\/\/leblogdeconscience.com\/\"},{\"@type\":\"ListItem\",\"position\":2,\"name\":\"Pr\u00e9sentation\"}]},{\"@type\":\"WebSite\",\"@id\":\"https:\/\/leblogdeconscience.com\/#website\",\"url\":\"https:\/\/leblogdeconscience.com\/\",\"name\":\"Le blog de Conscience\",\"description\":\"A la recherche de la v\u00e9rit\u00e9, pour un autre regard sur le monde\",\"potentialAction\":[{\"@type\":\"SearchAction\",\"target\":{\"@type\":\"EntryPoint\",\"urlTemplate\":\"https:\/\/leblogdeconscience.com\/?s={search_term_string}\"},\"query-input\":{\"@type\":\"PropertyValueSpecification\",\"valueRequired\":true,\"valueName\":\"search_term_string\"}}],\"inLanguage\":\"fr-FR\"}]}<\/script>\n<!-- \/ Yoast SEO plugin. -->","yoast_head_json":{"title":"Pr\u00e9sentation - Le blog de Conscience","robots":{"index":"index","follow":"follow","max-snippet":"max-snippet:-1","max-image-preview":"max-image-preview:large","max-video-preview":"max-video-preview:-1"},"canonical":"https:\/\/leblogdeconscience.com\/index.php\/presentation\/","og_locale":"fr_FR","og_type":"article","og_title":"Pr\u00e9sentation - Le blog de Conscience","og_description":"Bienvenue sur le blog de Conscience, De nature curieux et \u00e0 l&rsquo;esprit anti-conformiste, je me suis int\u00e9ress\u00e9 ces derni\u00e8res ann\u00e9es \u00e0 explorer divers sujets allant de l&rsquo;\u00e9conomie \u00e0 la spiritualit\u00e9, en passant par l&rsquo;alimentation et la sant\u00e9, en recherchant toujours le point de vue alternatif et la controverse, le tout dans une d\u00e9marche de recherche ... Lire la suite","og_url":"https:\/\/leblogdeconscience.com\/index.php\/presentation\/","og_site_name":"Le blog de Conscience","article_modified_time":"2018-10-28T08:37:59+00:00","twitter_card":"summary_large_image","twitter_misc":{"Dur\u00e9e de lecture estim\u00e9e":"2 minutes"},"schema":{"@context":"https:\/\/schema.org","@graph":[{"@type":"WebPage","@id":"https:\/\/leblogdeconscience.com\/index.php\/presentation\/","url":"https:\/\/leblogdeconscience.com\/index.php\/presentation\/","name":"Pr\u00e9sentation - Le blog de Conscience","isPartOf":{"@id":"https:\/\/leblogdeconscience.com\/#website"},"datePublished":"2015-11-07T17:50:21+00:00","dateModified":"2018-10-28T08:37:59+00:00","breadcrumb":{"@id":"https:\/\/leblogdeconscience.com\/index.php\/presentation\/#breadcrumb"},"inLanguage":"fr-FR","potentialAction":[{"@type":"ReadAction","target":["https:\/\/leblogdeconscience.com\/index.php\/presentation\/"]}]},{"@type":"BreadcrumbList","@id":"https:\/\/leblogdeconscience.com\/index.php\/presentation\/#breadcrumb","itemListElement":[{"@type":"ListItem","position":1,"name":"Accueil","item":"https:\/\/leblogdeconscience.com\/"},{"@type":"ListItem","position":2,"name":"Pr\u00e9sentation"}]},{"@type":"WebSite","@id":"https:\/\/leblogdeconscience.com\/#website","url":"https:\/\/leblogdeconscience.com\/","name":"Le blog de Conscience","description":"A la recherche de la v\u00e9rit\u00e9, pour un autre regard sur le monde","potentialAction":[{"@type":"SearchAction","target":{"@type":"EntryPoint","urlTemplate":"https:\/\/leblogdeconscience.com\/?s={search_term_string}"},"query-input":{"@type":"PropertyValueSpecification","valueRequired":true,"valueName":"search_term_string"}}],"inLanguage":"fr-FR"}]}},"_links":{"self":[{"href":"https:\/\/leblogdeconscience.com\/index.php\/wp-json\/wp\/v2\/pages\/13"}],"collection":[{"href":"https:\/\/leblogdeconscience.com\/index.php\/wp-json\/wp\/v2\/pages"}],"about":[{"href":"https:\/\/leblogdeconscience.com\/index.php\/wp-json\/wp\/v2\/types\/page"}],"author":[{"embeddable":true,"href":"https:\/\/leblogdeconscience.com\/index.php\/wp-json\/wp\/v2\/users\/1"}],"replies":[{"embeddable":true,"href":"https:\/\/leblogdeconscience.com\/index.php\/wp-json\/wp\/v2\/comments?post=13"}],"version-history":[{"count":0,"href":"https:\/\/leblogdeconscience.com\/index.php\/wp-json\/wp\/v2\/pages\/13\/revisions"}],"wp:attachment":[{"href":"https:\/\/leblogdeconscience.com\/index.php\/wp-json\/wp\/v2\/media?parent=13"}],"curies":[{"name":"wp","href":"https:\/\/api.w.org\/{rel}","templated":true}]}}